{"id":97,"date":"2022-11-17T17:12:53","date_gmt":"2022-11-17T16:12:53","guid":{"rendered":"http:\/\/leschansonsderangees.fr\/?page_id=97"},"modified":"2023-03-27T21:26:16","modified_gmt":"2023-03-27T19:26:16","slug":"dates-2","status":"publish","type":"page","link":"https:\/\/leschansonsderangees.fr\/?page_id=97","title":{"rendered":"Dates"},"content":{"rendered":"\n<p>01.04.2023 : \u00c9comus\u00e9e de l&#8217;Avesnois &#8211; Fourmies (59)<\/p>\n\n\n\n<p>15.09.2022 : Chateau de la Huda &#8211; Tr\u00e9lon (59)<\/p>\n\n\n\n<p>15.08.2022 : Festival F\u00e9ron&#8217;Arts &#8211; F\u00e9ron (59)<\/p>\n\n\n\n<p>19.05.2022 : Th\u00e9\u00e2tre Jean Ferrat &#8211; Fourmies (59)<\/p>\n","protected":false},"excerpt":{"rendered":"<p>01.04.2023 : \u00c9comus\u00e9e de l&#8217;Avesnois &#8211; Fourmies (59) 15.09.2022 : Chateau de la Huda &#8211; Tr\u00e9lon (59) 15.08.2022 : Festival F\u00e9ron&#8217;Arts &#8211; F\u00e9ron (59) 19.05.2022 : Th\u00e9\u00e2tre Jean Ferrat &#8211; Fourmies (59)<\/p>\n","protected":false},"author":1,"featured_media":0,"parent":0,"menu_order":0,"comment_status":"closed","ping_status":"closed","template":"","meta":{"footnotes":""},"class_list":["post-97","page","type-page","status-publish","hentry","entry"],"_links":{"self":[{"href":"https:\/\/leschansonsderangees.fr\/index.php?rest_route=\/wp\/v2\/pages\/97","targetHints":{"allow":["GET"]}}],"collection":[{"href":"https:\/\/leschansonsderangees.fr\/index.php?rest_route=\/wp\/v2\/pages"}],"about":[{"href":"https:\/\/leschansonsderangees.fr\/index.php?rest_route=\/wp\/v2\/types\/page"}],"author":[{"embeddable":true,"href":"https:\/\/leschansonsderangees.fr\/index.php?rest_route=\/wp\/v2\/users\/1"}],"replies":[{"embeddable":true,"href":"https:\/\/leschansonsderangees.fr\/index.php?rest_route=%2Fwp%2Fv2%2Fcomments&post=97"}],"version-history":[{"count":4,"href":"https:\/\/leschansonsderangees.fr\/index.php?rest_route=\/wp\/v2\/pages\/97\/revisions"}],"predecessor-version":[{"id":267,"href":"https:\/\/leschansonsderangees.fr\/index.php?rest_route=\/wp\/v2\/pages\/97\/revisions\/267"}],"wp:attachment":[{"href":"https:\/\/leschansonsderangees.fr\/index.php?rest_route=%2Fwp%2Fv2%2Fmedia&parent=97"}],"curies":[{"name":"wp","href":"https:\/\/api.w.org\/{rel}","templated":true}]}}